{"id":7191,"date":"2021-12-20T10:49:09","date_gmt":"2021-12-20T09:49:09","guid":{"rendered":"http:\/\/rajmaluszka.cuwgm.pl\/?page_id=7191"},"modified":"2021-12-20T10:49:09","modified_gmt":"2021-12-20T09:49:09","slug":"rada-rodzicow","status":"publish","type":"page","link":"https:\/\/rajmaluszka.maslow.pl\/index.php\/rada-rodzicow\/","title":{"rendered":"Rada Rodzic\u00f3w"},"content":{"rendered":"\n<p><strong>Z A&nbsp;R Z&nbsp;\u0104 D Z&nbsp;E N I&nbsp;E Nr 1 4 \\ 2018<\/strong><\/p>\n\n\n\n<p>Dyrektora \u017b\u0142obka Samorz\u0105dowego \u201e Raj Maluszka\u201d w&nbsp;Domaszowicach<\/p>\n\n\n\n<p>z dnia 06.09.2018r.<\/p>\n\n\n\n<p><strong>w sprawie wprowadzenia Regulaminu Rady Rodzic\u00f3w w&nbsp;\u017b\u0142obku Samorz\u0105dowym \u201eRaj Maluszka\u201d w&nbsp;Domaszowicach<\/strong>&nbsp;<\/p>\n\n\n\n<p>Na podstawie art. 13 ust. 1 ustawy z&nbsp;dnia 4 lutego 2011r. o&nbsp;opiece nad dzie\u0107mi w&nbsp;wieku do lat 3 (Dz.U. z&nbsp;2013 r. poz. 1457) oraz Statutu \u017b\u0142obka Samorz\u0105dowego Raj Maluszka w&nbsp;Domaszowicach stanowi\u0105cego za\u0142\u0105cznik do Uchwa\u0142y Rady Gminy Mas\u0142\u00f3w NR XIV \\ 113\\ 15 z&nbsp;p\u00f3\u017aniejszymi zmianami, zarz\u0105dza si\u0119 co nast\u0119puje:<\/p>\n\n\n\n<p>\u00a7 1<\/p>\n\n\n\n<p>W \u017b\u0142obku Samorz\u0105dowym \u201e Raj Maluszka\u201d w&nbsp;Domaszowicach wprowadza si\u0119 Regulamin Rady Rodzic\u00f3w w&nbsp;brzmieniu za\u0142\u0105cznika nr 1 do niniejszego zarz\u0105dzenia.<\/p>\n\n\n\n<p>Zarz\u0105dzenie wchodzi w&nbsp;\u017cycie z&nbsp;dniem podj\u0119cia.<\/p>\n\n\n\n<p><strong>Za\u0142\u0105cznik 1<\/strong><\/p>\n\n\n\n<p><strong>Do Z&nbsp;A&nbsp;R Z&nbsp;\u0104 D Z&nbsp;E N I&nbsp;A&nbsp;Nr 1 4 \\ 2018<\/strong><\/p>\n\n\n\n<p>Dyrektora \u017b\u0142obka Samorz\u0105dowego \u201e Raj Maluszka\u201d w&nbsp;Domaszowicach<\/p>\n\n\n\n<p>z dnia 06.09.2018r.<\/p>\n\n\n\n<p><strong>REGULAMIN RADY RODZIC\u00d3W<\/strong><\/p>\n\n\n\n<p><strong>\u017b\u0141OBKA SAMORZ\u0104DOWEGO \u201eRAJ MALUSZKA\u201d<\/strong><\/p>\n\n\n\n<p><strong>DOMASZOWICE 205A, 25-351 KIELCE<\/strong><\/p>\n\n\n\n<p>I. Postanowienia og\u00f3lne<\/p>\n\n\n\n<p>\u00a7 1<\/p>\n\n\n\n<p>Rada Rodzic\u00f3w, zwana dalej \u201eRad\u0105\u201d jest organem dzia\u0142aj\u0105cym na terenie \u017b\u0142obka. Stanowi reprezentacj\u0119 rodzic\u00f3w dzieci ucz\u0119szczaj\u0105cych do \u017b\u0142obka Samorz\u0105dowego \u201e Raj Maluszka\u201d w&nbsp;Domaszowicach.<\/p>\n\n\n\n<p>\u00a7 2<\/p>\n\n\n\n<p>Rada liczy 3 cz\u0142onk\u00f3w.<\/p>\n\n\n\n<p>Kadencja Rady trwa 1 rok kalendarzowy. W&nbsp;uzasadnionych przypadkach, je\u015bli w&nbsp;czasie kadencji, ze&nbsp;sk\u0142adu Rady ub\u0119dzie wi\u0119cej ni\u017c 1\/3 cz\u0142onk\u00f3w, dopuszcza si\u0119 zorganizowanie wybor\u00f3w uzupe\u0142niaj\u0105cych sk\u0142ad Rady. Decyzj\u0119 o&nbsp;przeprowadzeniu wybor\u00f3w uzupe\u0142niaj\u0105cych podejmuje Rada w&nbsp;g\u0142osowaniu jawnym.<\/p>\n\n\n\n<p>II. Wybory do Rady Rodzic\u00f3w<\/p>\n\n\n\n<p>\u00a7 3<\/p>\n\n\n\n<p>Wybory do Rady Rodzic\u00f3w przeprowadzane s\u0105 corocznie, we wrze\u015bniu, na pierwszym zebraniu rodzic\u00f3w. Rodzice dzieci, zgromadzeni na zebraniu, wybieraj\u0105 spo\u015br\u00f3d siebie rad\u0119. Zg\u0142oszeni kandydaci musz\u0105 wyrazi\u0107 zgod\u0119 na kandydowanie. Wybrani zostaj\u0105 ci kandydaci, kt\u00f3rzy uzyskali 50% oraz jeden g\u0142os uczestnik\u00f3w prawomocnego zebrania. Przy r\u00f3wnej ilo\u015bci uzyskanych g\u0142os\u00f3w zarz\u0105dza si\u0119 ponowne g\u0142osowanie. Nowo wybrane organy maj\u0105 obowi\u0105zek ukonstytuowania si\u0119 na pierwszym swoim posiedzeniu. Rada powinna liczy\u0107 nie mniej ni\u017c 3 osoby.<\/p>\n\n\n\n<p>\u00a7 4<\/p>\n\n\n\n<p>Wybory rady przeprowadza komisja skrutacyjna wybrana w&nbsp;g\u0142osowaniu jawnym spo\u015br\u00f3d uczestnik\u00f3w zebrania. Do komisji nie mog\u0105 wchodzi\u0107 osoby kandyduj\u0105ce do rady.<\/p>\n\n\n\n<p>Wybory odbywaj\u0105 si\u0119 w&nbsp;g\u0142osowaniu tajnym na zasadach ustalonych przez rodzic\u00f3w uczestnicz\u0105cych w&nbsp;zebraniu. Wybrani 3 przedstawiciele wchodz\u0105 w&nbsp;sk\u0142ad Prezydium Rady Rodzic\u00f3w.<\/p>\n\n\n\n<p>\u00a7 5<\/p>\n\n\n\n<p>Obwieszczenie wynik\u00f3w wybor\u00f3w, podanie do wiadomo\u015bci sk\u0142adu Rady i&nbsp;zwo\u0142anie pierwszego posiedzenia Rady nale\u017cy do obowi\u0105zk\u00f3w Dyrektora \u017b\u0142obka. Pierwsze posiedzenie Rady powinno odby\u0107 si\u0119 nie p\u00f3\u017aniej ni\u017c 14 dni od terminu wybor\u00f3w.<\/p>\n\n\n\n<p>III. W\u0142adze Rady<\/p>\n\n\n\n<p>\u00a7 6<\/p>\n\n\n\n<p>Prezydium Rady Rodzic\u00f3w sk\u0142ada si\u0119 z&nbsp;3 os\u00f3b: przewodnicz\u0105cego Rady, sekretarza i&nbsp;skarbnika Rady. Przewodnicz\u0105cy Rady organizuje prace Rady, zwo\u0142uje i&nbsp;prowadzi posiedzenia Rady, reprezentuje Rad\u0119 na zewn\u0105trz. Sekretarz Rady odpowiada za dokumentacj\u0119 Rady i&nbsp;protoko\u0142owanie jej posiedze\u0144. Skarbnik Rady odpowiada za prawid\u0142ow\u0105 gospodark\u0119 funduszem gromadzonym przez Rad\u0119.<\/p>\n\n\n\n<p>IV. Posiedzenia Rady<\/p>\n\n\n\n<p>\u00a7 7<\/p>\n\n\n\n<p>Posiedzenia Rady odbywaj\u0105 si\u0119 w&nbsp;terminach ustalonych w&nbsp;rocznym harmonogramie, nie rzadziej ni\u017c raz na p\u00f3\u0142 roku. Poza terminami ustalonymi w&nbsp;harmonogramie, posiedzenia Rady zwo\u0142uje przewodnicz\u0105cy powiadamiaj\u0105c cz\u0142onk\u00f3w Rady co najmniej 7 dni przed terminem posiedzenia. W&nbsp;szczeg\u00f3lnie uzasadnionych przypadkach przewodnicz\u0105cy mo\u017ce zwo\u0142a\u0107 posiedzenie Rady w&nbsp;trybie pilnym, bez zachowania 7 \u2013 dniowego terminu.<\/p>\n\n\n\n<p>\u00a7 8<\/p>\n\n\n\n<p>Posiedzenia Rady s\u0105 protoko\u0142owane.<\/p>\n\n\n\n<p>Protoko\u0142y posiedze\u0144 Rady s\u0105 przyjmowane przez Rad\u0119 w&nbsp;drodze g\u0142osowania na nast\u0119pnym posiedzeniu Rady.<\/p>\n\n\n\n<p>V. Podejmowanie uchwa\u0142<\/p>\n\n\n\n<p>\u00a7 9<\/p>\n\n\n\n<p>Uchwa\u0142y podejmowane s\u0105 zwyk\u0142\u0105 wi\u0119kszo\u015bci\u0105 g\u0142os\u00f3w, przy obecno\u015bci co najmniej po\u0142owy regulaminowego sk\u0142adu Rady Rodzic\u00f3w. W&nbsp;sprawach personalnych, a&nbsp;tak\u017ce na formalny wniosek cz\u0142onk\u00f3w Rady, g\u0142osowanie odbywa si\u0119 w&nbsp;trybie tajnym. Uchwa\u0142y Rady s\u0105 numerowane w&nbsp;spos\u00f3b ci\u0105g\u0142y w&nbsp;danym roku szkolnym.<\/p>\n\n\n\n<p>VI. Cele i&nbsp;zadania Rady Rodzic\u00f3w<\/p>\n\n\n\n<p>\u00a7 10<\/p>\n\n\n\n<p>Zadania Rady Rodzic\u00f3w stanowi\u0105:<\/p>\n\n\n\n<p>&#8211; wsp\u00f3\u0142dzia\u0142anie ze&nbsp;\u017b\u0142obkiem w&nbsp;celu jednolitego oddzia\u0142ywania przez rodzin\u0119<\/p>\n\n\n\n<p>i \u017c\u0142obek w&nbsp;procesie opieku\u0144czym, wychowawczym i&nbsp;dydaktycznym,<\/p>\n\n\n\n<p>&#8211; uczestniczenie w&nbsp;\u017cyciu \u017b\u0142obka przyczyniaj\u0105c si\u0119 do ci\u0105g\u0142ego podnoszenia jako\u015bci<\/p>\n\n\n\n<p>pracy plac\u00f3wki i&nbsp;zaspokajania potrzeb dzieci,<\/p>\n\n\n\n<p>&#8211; prezentowanie wobec Dyrektora wniosk\u00f3w i&nbsp;opinii rodzic\u00f3w w&nbsp;sprawach dotycz\u0105cych<\/p>\n\n\n\n<p>jednostki,<\/p>\n\n\n\n<p>&#8211; przekazywanie rodzicom dzieci ucz\u0119szczaj\u0105cych do \u017b\u0142obka informacji o&nbsp;udzielanej<\/p>\n\n\n\n<p>pomocy na rzecz plac\u00f3wki oraz dzia\u0142alno\u015bci finansowej Rady Rodzic\u00f3w.<\/p>\n\n\n\n<p>\u00a7 11<\/p>\n\n\n\n<p>Dzia\u0142alno\u015b\u0107 finansowa Rady Rodzic\u00f3w<\/p>\n\n\n\n<p>Fundusze Rady Rodzic\u00f3w powstaj\u0105 z&nbsp;dobrowolnych sk\u0142adek rodzic\u00f3w. Wysoko\u015b\u0107 minimalnej sk\u0142adki na rzecz Rady Rodzic\u00f3w ustala si\u0119 na zebraniu og\u00f3lnym rodzic\u00f3w. Rodzice mog\u0105 indywidualnie zadeklarowa\u0107 wy\u017csz\u0105 sk\u0142adk\u0119 od ustalonej. Pieni\u0105dze przyjmowane s\u0105 na konto Rady Rodzic\u00f3w. Fundusze Rady Rodzic\u00f3w oraz obr\u00f3t got\u00f3wki s\u0105 ksi\u0119gowane. Rada Rodzic\u00f3w ustala preliminarz wydatk\u00f3w oraz wysoko\u015b\u0107 pogotowia kasowego. Fundusze Rady Rodzic\u00f3w mog\u0105 by\u0107 przeznaczone na zakup zabawek, pomocy dydaktycznych, wyposa\u017cenia \u017c\u0142obka, op\u0142acenia koncert\u00f3w, teatrzyk\u00f3w, wycieczek, imprez okoliczno\u015bciowych i&nbsp;upomink\u00f3w dla dzieci, meeting\u00f3w, warsztat\u00f3w szkoleniowych dla rodzic\u00f3w oraz innych ustalonych wydatk\u00f3w.<\/p>\n\n\n\n<p>VII. Postanowienia ko\u0144cowe<\/p>\n\n\n\n<p>\u00a7 12<\/p>\n\n\n\n<p>Przewodnicz\u0105cy Rady Rodzic\u00f3w lub upowa\u017cniona osoba przekazuje przewodnicz\u0105cemu nowej Rady Rodzic\u00f3w wszystkie sprawy (\u0142\u0105cznie z&nbsp;finansami) zwi\u0105zane z&nbsp;dzia\u0142alno\u015bci\u0105 Rady Rodzic\u00f3w. Decyzja dotycz\u0105ca ewentualnych zmian w&nbsp;regulaminie Rady Rodzic\u00f3w mo\u017ce by\u0107 podj\u0119ta wi\u0119kszo\u015bci\u0105 g\u0142os\u00f3w cz\u0142onk\u00f3w obecnych na zebraniu Rady Rodzic\u00f3w.<\/p>\n\n\n\n<p>Regulamin obowi\u0105zuje wszystkich cz\u0142onk\u00f3w Rady Rodzic\u00f3w. W&nbsp;celu wymiany informacji i&nbsp;wsp\u00f3\u0142dzia\u0142ania z&nbsp;organami \u017b\u0142obka &#8211; Rada Rodzic\u00f3w zaprasza na swoje zebrania Dyrektora \u017b\u0142obka oraz inne osoby.<\/p>\n\n\n\n<p>Cz\u0142onkowie Rady Rodzic\u00f3w zobowi\u0105zani s\u0105 do przestrzegania tajemnicy w&nbsp;sprawach, kt\u00f3re poruszane s\u0105 na posiedzeniach a&nbsp;mog\u0105 naruszy\u0107 dobra osobiste dzieci, ich rodzic\u00f3w a&nbsp;tak\u017ce pracownik\u00f3w \u017b\u0142obka.<\/p>\n\n\n\n<p>\u00a7 13<\/p>\n\n\n\n<p>Regulamin wchodzi w&nbsp;\u017cycie na podstawie Zarz\u0105dzenia Dyrektora \u017b\u0142obka<\/p>\n","protected":false},"excerpt":{"rendered":"<p>Z A&nbsp;R Z&nbsp;\u0104 D Z&nbsp;E N I&nbsp;E Nr 1 4 \\ 2018 Dyrektora \u017b\u0142obka Samorz\u0105dowego \u201e Raj Maluszka\u201d w&nbsp;Domaszowicach z &hellip; <a href=\"https:\/\/rajmaluszka.maslow.pl\/index.php\/rada-rodzicow\/\" class=\"more-link\"><span class=\"more-button\">Czytaj dalej<span class=\"screen-reader-text\">Rada Rodzic\u00f3w<\/span><\/span><\/a><\/p>\n","protected":false},"author":1,"featured_media":0,"parent":0,"menu_order":0,"comment_status":"closed","ping_status":"closed","template":"","meta":{"footnotes":""},"class_list":["post-7191","page","type-page","status-publish","hentry"],"_links":{"self":[{"href":"https:\/\/rajmaluszka.maslow.pl\/index.php\/wp-json\/wp\/v2\/pages\/7191","targetHints":{"allow":["GET"]}}],"collection":[{"href":"https:\/\/rajmaluszka.maslow.pl\/index.php\/wp-json\/wp\/v2\/pages"}],"about":[{"href":"https:\/\/rajmaluszka.maslow.pl\/index.php\/wp-json\/wp\/v2\/types\/page"}],"author":[{"embeddable":true,"href":"https:\/\/rajmaluszka.maslow.pl\/index.php\/wp-json\/wp\/v2\/users\/1"}],"replies":[{"embeddable":true,"href":"https:\/\/rajmaluszka.maslow.pl\/index.php\/wp-json\/wp\/v2\/comments?post=7191"}],"version-history":[{"count":1,"href":"https:\/\/rajmaluszka.maslow.pl\/index.php\/wp-json\/wp\/v2\/pages\/7191\/revisions"}],"predecessor-version":[{"id":7192,"href":"https:\/\/rajmaluszka.maslow.pl\/index.php\/wp-json\/wp\/v2\/pages\/7191\/revisions\/7192"}],"wp:attachment":[{"href":"https:\/\/rajmaluszka.maslow.pl\/index.php\/wp-json\/wp\/v2\/media?parent=7191"}],"curies":[{"name":"wp","href":"https:\/\/api.w.org\/{rel}","templated":true}]}}