{"id":7187,"date":"2021-12-20T10:47:43","date_gmt":"2021-12-20T09:47:43","guid":{"rendered":"http:\/\/rajmaluszka.cuwgm.pl\/?page_id=7187"},"modified":"2025-02-18T18:55:23","modified_gmt":"2025-02-18T17:55:23","slug":"kadra","status":"publish","type":"page","link":"https:\/\/rajmaluszka.maslow.pl\/index.php\/kadra\/","title":{"rendered":"Kadra"},"content":{"rendered":"\n<p class=\"has-text-align-center\">Kadr\u0119 \u017b\u0142obka Samorz\u0105dowego \u201eRaj Maluszka\u201d tworzy zesp\u00f3\u0142 wykszta\u0142conych, troskliwych, odpowiedzialnych <br>i kreatywnych opiekun\u00f3w i po\u0142o\u017cnych\/ piel\u0119gniarek. To do\u015bwiadczeni specjali\u015bci, kt\u00f3rzy s\u0105 w pe\u0142ni gotowi do pracy <br>z dzie\u0107mi do lat 3. Aktywnie wdra\u017caj\u0105 nowatorskie osi\u0105gniecia profilaktyki dzieci\u0119cej, pedagogiki, dydaktyki <br>w zakresie prowadzenia zaj\u0119\u0107, rozwijania zainteresowa\u0144 i rozwoju ma\u0142ego dziecka.<\/p>\n\n\n\n<ol class=\"wp-block-list\">\n<li>dr Ma\u0142gorzata Wolska-D\u0142ugosz- Dyrektor<\/li>\n\n\n\n<li>mgr Dorota Jarosz- opiekun dzieci\u0119cy<\/li>\n\n\n\n<li>mgr Milena Malarecka- opiekun dzieci\u0119cy<\/li>\n\n\n\n<li>mgr Anna Bagi\u0144ska- opiekun dzieci\u0119cy<\/li>\n\n\n\n<li>mgr Barbara Chrobot- opiekun dzieci\u0119cy<\/li>\n\n\n\n<li>mgr Monika Borek- piel\u0119gniarka\\opiekun dzieci\u0119cy<\/li>\n\n\n\n<li>mgr Ewa Rowi\u0144ska- opiekun dzieci\u0119cy<\/li>\n\n\n\n<li>lic. Dorota Dudek- opiekun dzieci\u0119cy<\/li>\n\n\n\n<li> Izabela Sroka- opiekun dzieci\u0119cy<\/li>\n\n\n\n<li>Ewelina Grzegolec- wo\u017ana<\/li>\n\n\n\n<li>Ewelina Rz\u0119dowska- wo\u017ana<\/li>\n<\/ol>\n","protected":false},"excerpt":{"rendered":"<p>Kadr\u0119 \u017b\u0142obka Samorz\u0105dowego \u201eRaj Maluszka\u201d tworzy zesp\u00f3\u0142 wykszta\u0142conych, troskliwych, odpowiedzialnych i kreatywnych opiekun\u00f3w i po\u0142o\u017cnych\/ piel\u0119gniarek. To do\u015bwiadczeni specjali\u015bci, kt\u00f3rzy &hellip; <a href=\"https:\/\/rajmaluszka.maslow.pl\/index.php\/kadra\/\" class=\"more-link\"><span class=\"more-button\">Czytaj dalej<span class=\"screen-reader-text\">Kadra<\/span><\/span><\/a><\/p>\n","protected":false},"author":1,"featured_media":0,"parent":0,"menu_order":0,"comment_status":"closed","ping_status":"closed","template":"","meta":{"footnotes":""},"class_list":["post-7187","page","type-page","status-publish","hentry"],"_links":{"self":[{"href":"https:\/\/rajmaluszka.maslow.pl\/index.php\/wp-json\/wp\/v2\/pages\/7187","targetHints":{"allow":["GET"]}}],"collection":[{"href":"https:\/\/rajmaluszka.maslow.pl\/index.php\/wp-json\/wp\/v2\/pages"}],"about":[{"href":"https:\/\/rajmaluszka.maslow.pl\/index.php\/wp-json\/wp\/v2\/types\/page"}],"author":[{"embeddable":true,"href":"https:\/\/rajmaluszka.maslow.pl\/index.php\/wp-json\/wp\/v2\/users\/1"}],"replies":[{"embeddable":true,"href":"https:\/\/rajmaluszka.maslow.pl\/index.php\/wp-json\/wp\/v2\/comments?post=7187"}],"version-history":[{"count":6,"href":"https:\/\/rajmaluszka.maslow.pl\/index.php\/wp-json\/wp\/v2\/pages\/7187\/revisions"}],"predecessor-version":[{"id":7710,"href":"https:\/\/rajmaluszka.maslow.pl\/index.php\/wp-json\/wp\/v2\/pages\/7187\/revisions\/7710"}],"wp:attachment":[{"href":"https:\/\/rajmaluszka.maslow.pl\/index.php\/wp-json\/wp\/v2\/media?parent=7187"}],"curies":[{"name":"wp","href":"https:\/\/api.w.org\/{rel}","templated":true}]}}