{"id":7184,"date":"2021-12-20T10:46:55","date_gmt":"2021-12-20T09:46:55","guid":{"rendered":"http:\/\/rajmaluszka.cuwgm.pl\/?page_id=7184"},"modified":"2022-11-15T10:55:57","modified_gmt":"2022-11-15T09:55:57","slug":"plan-dnia","status":"publish","type":"page","link":"https:\/\/rajmaluszka.maslow.pl\/index.php\/plan-dnia\/","title":{"rendered":"Plan dnia"},"content":{"rendered":"\n<p><strong>7.00-8.30&nbsp;<\/strong>: Schodzenie si\u0119 dzieci do \u017b\u0142obka<\/p>\n\n\n\n<p><strong>8.50<\/strong>: Czynno\u015bci higieniczne i&nbsp;przygotowanie do I. \u015bniadania<\/p>\n\n\n\n<p><strong>9.00<\/strong>: I&nbsp;\u015bniadanie<\/p>\n\n\n\n<p><strong>9.30- 9.50<\/strong>: Zaj\u0119cia tematyczne<\/p>\n\n\n\n<p><strong>9.50<\/strong>: Czynno\u015bci higieniczne i&nbsp;przygotowanie do II. \u015bniadania<\/p>\n\n\n\n<p><strong>10.00<\/strong>: II \u015bniadanie<\/p>\n\n\n\n<p><strong>10.30- 11.30<\/strong>: Swobodne zabawy dzieci<\/p>\n\n\n\n<p><strong>11.30- 11.50<\/strong>: Zaj\u0119cia tematyczne<\/p>\n\n\n\n<p><strong>11.50&nbsp;<\/strong>: Czynno\u015bci higieniczne i&nbsp;przygotowanie do obiadu<\/p>\n\n\n\n<p><strong>12.00<\/strong>: Obiad<\/p>\n\n\n\n<p><strong>12.30<\/strong>: Czynno\u015bci higieniczne i&nbsp;przygotowanie do le\u017cakowania<\/p>\n\n\n\n<p><strong>13.00-14.30<\/strong>: Le\u017cakowanie<\/p>\n\n\n\n<p><strong>14.30<\/strong>: Czynno\u015bci higieniczne i&nbsp;przygotowanie do podwieczorku<\/p>\n\n\n\n<p><strong>14.45<\/strong>: Podwieczorek<\/p>\n\n\n\n<p><strong>15.00-16:00<\/strong>: Odbi\u00f3r dzieci ze\u00a0\u017b\u0142obka<\/p>\n\n\n\n<p>Plan dnia w&nbsp;przypadku ma\u0142ych dzieci mo\u017ce ulec modyfikacji, gdy\u017c jest dostosowany indywidualnie do aktualnych potrzeb dziecka.<\/p>\n","protected":false},"excerpt":{"rendered":"<p>7.00-8.30&nbsp;: Schodzenie si\u0119 dzieci do \u017b\u0142obka 8.50: Czynno\u015bci higieniczne i&nbsp;przygotowanie do I. \u015bniadania 9.00: I&nbsp;\u015bniadanie 9.30- 9.50: Zaj\u0119cia tematyczne 9.50: &hellip; <a href=\"https:\/\/rajmaluszka.maslow.pl\/index.php\/plan-dnia\/\" class=\"more-link\"><span class=\"more-button\">Czytaj dalej<span class=\"screen-reader-text\">Plan dnia<\/span><\/span><\/a><\/p>\n","protected":false},"author":1,"featured_media":0,"parent":0,"menu_order":0,"comment_status":"closed","ping_status":"closed","template":"","meta":{"footnotes":""},"class_list":["post-7184","page","type-page","status-publish","hentry"],"_links":{"self":[{"href":"https:\/\/rajmaluszka.maslow.pl\/index.php\/wp-json\/wp\/v2\/pages\/7184","targetHints":{"allow":["GET"]}}],"collection":[{"href":"https:\/\/rajmaluszka.maslow.pl\/index.php\/wp-json\/wp\/v2\/pages"}],"about":[{"href":"https:\/\/rajmaluszka.maslow.pl\/index.php\/wp-json\/wp\/v2\/types\/page"}],"author":[{"embeddable":true,"href":"https:\/\/rajmaluszka.maslow.pl\/index.php\/wp-json\/wp\/v2\/users\/1"}],"replies":[{"embeddable":true,"href":"https:\/\/rajmaluszka.maslow.pl\/index.php\/wp-json\/wp\/v2\/comments?post=7184"}],"version-history":[{"count":2,"href":"https:\/\/rajmaluszka.maslow.pl\/index.php\/wp-json\/wp\/v2\/pages\/7184\/revisions"}],"predecessor-version":[{"id":7361,"href":"https:\/\/rajmaluszka.maslow.pl\/index.php\/wp-json\/wp\/v2\/pages\/7184\/revisions\/7361"}],"wp:attachment":[{"href":"https:\/\/rajmaluszka.maslow.pl\/index.php\/wp-json\/wp\/v2\/media?parent=7184"}],"curies":[{"name":"wp","href":"https:\/\/api.w.org\/{rel}","templated":true}]}}