{"id":7181,"date":"2021-12-20T10:45:27","date_gmt":"2021-12-20T09:45:27","guid":{"rendered":"http:\/\/rajmaluszka.cuwgm.pl\/?page_id=7181"},"modified":"2021-12-20T10:45:27","modified_gmt":"2021-12-20T09:45:27","slug":"oferta","status":"publish","type":"page","link":"https:\/\/rajmaluszka.maslow.pl\/index.php\/oferta\/","title":{"rendered":"Oferta"},"content":{"rendered":"\n<p><strong>MISJA I&nbsp;CELE \u017b\u0141OBKA:<\/strong><\/p>\n\n\n\n<p>Pragniemy stworzy\u0107 dzieciom takie warunki \u017ceby czu\u0142y si\u0119 u&nbsp;nas bezpieczne, swobodne i&nbsp;szcz\u0119\u015bliwe, a&nbsp;rodzicom chcemy da\u0107 \u015bwiadomo\u015b\u0107, \u017ce ich pociechy s\u0105 pod fachow\u0105 opiek\u0105.<\/p>\n\n\n\n<p><strong>ATUTAMI \u017b\u0141OBKA S\u0104:<\/strong><\/p>\n\n\n\n<ul class=\"wp-block-list\"><li>Personel: Opiekunki posiadaj\u0105 pe\u0142ne kwalifikacje, cechuje je kultura osobista oraz \u0142atwo\u015b\u0107 w&nbsp;nawi\u0105zywaniu kontakt\u00f3w z&nbsp;dzie\u0107mi oraz z&nbsp;ich rodzicami, co zapewnia mi\u0142\u0105 i&nbsp;rodzinn\u0105 atmosfer\u0119, a&nbsp;dzieci po wst\u0119pnej adaptacji czuj\u0105 si\u0119 u&nbsp;nas jak w&nbsp;domu.<\/li><li>Lokalizacja: \u0142atwy dojazd, parking, \u017c\u0142obek posiada r\u00f3wnie\u017c plac zabaw.<\/li><\/ul>\n\n\n\n<p><strong>CELE:<\/strong><\/p>\n\n\n\n<p>Jednym z&nbsp;podstawowych zada\u0144 \u017b\u0142obka jest usamodzielnienie dzieci w&nbsp;zakresie samoobs\u0142ugi dnia codziennego tj. ubierania, za\u0142atwiania potrzeb fizjologicznych, jedzenia. Poprzez gry i&nbsp;zabawy dzieci ucz\u0105 si\u0119 funkcjonowania w&nbsp;grupie, zawieraj\u0105 pierwsze przyja\u017anie. Dzieci w&nbsp;\u017b\u0142obku ucz\u0105 si\u0119 tolerancji i&nbsp;szacunku do ludzi, rzeczy, zwierz\u0105t i&nbsp;przyrody.<\/p>\n\n\n\n<p><strong>ZAPEWNIAMY DZIECIOM:<\/strong><\/p>\n\n\n\n<ul class=\"wp-block-list\"><li>Warunki zbli\u017cone do warunk\u00f3w domowych<\/li><li>Pe\u0142ne bezpiecze\u0144stwo<\/li><li>Opiek\u0119 wychowawcz\u0105<\/li><li>Prowadzimy \u017cywienie dzieci zgodne z&nbsp;obowi\u0105zuj\u0105cymi normami<\/li><li>Wsp\u00f3\u0142dzia\u0142amy z&nbsp;rodzicami w&nbsp;sprawach opieki i&nbsp;wychowania celem ujednolicenia metod \u017cywienia i&nbsp;piel\u0119gnacji<\/li><li>Wspomagamy indywidualny rozw\u00f3j ka\u017cdego dziecka<\/li><li>Informujemy rodzic\u00f3w na temat funkcjonowania i&nbsp;zdrowia&nbsp; dziecka<\/li><li>Prowadzimy zaj\u0119cia edukacyjno \u2013 wychowawcze na sali zabaw i&nbsp;na powietrzu<\/li><li>Kszta\u0142tujemy samodzielno\u015b\u0107, indywidualne podej\u015bcie do ka\u017cdego dziecka, poszanowanie jego godno\u015bci i&nbsp;intymno\u015bci<\/li><li>Uczymy zasad wsp\u00f3\u0142pracy w&nbsp;grupie oraz w\u0142a\u015bciwych relacji z&nbsp;r\u00f3wie\u015bnikami<\/li><li>Przygotowujemy dzieci do pobytu w&nbsp;przedszkolu<\/li><\/ul>\n\n\n\n<p><strong>WYCHOWUJEMY POPRZEZ REALIZOWANE ZAJ\u0118CIA:<\/strong><\/p>\n\n\n\n<p><strong>1)&nbsp;&nbsp;&nbsp;&nbsp;&nbsp;&nbsp;<\/strong><strong>Hop \u2013 B\u0119c&nbsp;<\/strong>\u2013 zaj\u0119cia ruchowe stymuluj\u0105ce rozw\u00f3j dziecka.<\/p>\n\n\n\n<p><strong>2)&nbsp;&nbsp;&nbsp;&nbsp;&nbsp;&nbsp;<\/strong><strong>DO RE MI&nbsp;<\/strong>\u2013 zaj\u0119cia muzyczne i&nbsp;umuzykalniaj\u0105ce, zaj\u0119cia rytmiczne, zabawy ruchowe przy muzyce, zabawy d\u017awi\u0119kiem, poznawanie instrument\u00f3w. Poprzez muzyk\u0119 mo\u017cemy wspieram i&nbsp;stymulowa\u0107 zmys\u0142y dzieci. Muzyka s\u0142uchana w&nbsp;dzieci\u0144stwie wp\u0142ywa na odbi\u00f3r bod\u017ac\u00f3w d\u017awi\u0119kowych w&nbsp;ci\u0105gu ca\u0142ego \u017cycia. Powoduje wzrost kreatywno\u015bci i&nbsp;zapami\u0119tywania, podwy\u017csza motywacj\u0119. S\u0142uchanie muzyki od wczesnego dzieci\u0144stwa rozwija zdolno\u015bci matematyczne i&nbsp;analityczne.<\/p>\n\n\n\n<p><strong>3)&nbsp;&nbsp;&nbsp;&nbsp;&nbsp;&nbsp;<\/strong><strong>Ma\u0142y Picasso&nbsp;<\/strong>\u2013 zaj\u0119cia plastyczne maj\u0105 na celu rozw\u00f3j zdolno\u015bci manualnych, rozwijanie swobody w&nbsp;pos\u0142ugiwaniu si\u0119 lini\u0105 i&nbsp;plama na p\u0142aszczy\u017anie i&nbsp;w&nbsp;przestrzeni w&nbsp;r\u00f3\u017cnych technikach plastycznych. Uwra\u017cliwienie dziecka na zjawiska otaczaj\u0105cej rzeczywisto\u015bci, na \u015bwiat\u0142o, barw\u0119, bry\u0142\u0119, lini\u0119, faktur\u0119, ruch, przestrze\u0144. Zapocz\u0105tkowanie pierwszych kontakt\u00f3w z&nbsp;pi\u0119knem przyrody i&nbsp;sztuki.<\/p>\n\n\n\n<p><strong>4)&nbsp;&nbsp;&nbsp;&nbsp;&nbsp;&nbsp;<\/strong><strong>Mamo Tato \u2013 ZOSIA SAMOSIA&nbsp;<\/strong>\u2013 maluchy ucz\u0105 si\u0119 samodzielno\u015bci podczas posi\u0142k\u00f3w oraz czynno\u015bci higienicznych, podejmowane s\u0105 pierwsze pr\u00f3by treninguczysto\u015bci. Opiekun proponuje Dzieciom aktywno\u015bci, w&nbsp;kt\u00f3rych pr\u00f3buj\u0105 samodzielnie ubiera\u0107 si\u0119.<\/p>\n\n\n\n<p><strong>5)&nbsp;&nbsp;&nbsp;&nbsp;&nbsp;&nbsp;<\/strong><strong>Kraina Tysi\u0105ca Ba\u015bni \u2013&nbsp;<\/strong>zaj\u0119cia maj\u0105ce na celu wprowadzenie w&nbsp;\u015bwiat bajek i&nbsp;ba\u015bni, uwra\u017cliwienie na literatur\u0119, rozw\u00f3j pami\u0119ci, wyobra\u017ani i&nbsp;aktywnego s\u0142uchania.<\/p>\n\n\n\n<p><strong>6)&nbsp;&nbsp;&nbsp;&nbsp;&nbsp;&nbsp;<\/strong><strong>Warsztaty mowy \u2013&nbsp;<\/strong>zaj\u0119cia z&nbsp;rozwoju mowy, usprawniaj\u0105ce narz\u0105dy artykulacyjne dzieci, przygotowuj\u0105ce do wypowiadania pierwszych d\u017awi\u0119k\u00f3w i&nbsp;s\u0142\u00f3w.<\/p>\n\n\n\n<p><strong>7)&nbsp;&nbsp;&nbsp;&nbsp;&nbsp;&nbsp;<\/strong><strong>\u015awiat zmys\u0142\u00f3w \u2013&nbsp;<\/strong>zabawy polegaj\u0105ce na poznawaniu \u015bwiata wszystkich zmys\u0142ami m. in. Poprzez s\u0142uch, wzrok, dotyk i&nbsp;czucie smaku.<\/p>\n","protected":false},"excerpt":{"rendered":"<p>MISJA I&nbsp;CELE \u017b\u0141OBKA: Pragniemy stworzy\u0107 dzieciom takie warunki \u017ceby czu\u0142y si\u0119 u&nbsp;nas bezpieczne, swobodne i&nbsp;szcz\u0119\u015bliwe, a&nbsp;rodzicom chcemy da\u0107 \u015bwiadomo\u015b\u0107, \u017ce &hellip; <a href=\"https:\/\/rajmaluszka.maslow.pl\/index.php\/oferta\/\" class=\"more-link\"><span class=\"more-button\">Czytaj dalej<span class=\"screen-reader-text\">Oferta<\/span><\/span><\/a><\/p>\n","protected":false},"author":1,"featured_media":0,"parent":0,"menu_order":0,"comment_status":"closed","ping_status":"closed","template":"","meta":{"footnotes":""},"class_list":["post-7181","page","type-page","status-publish","hentry"],"_links":{"self":[{"href":"https:\/\/rajmaluszka.maslow.pl\/index.php\/wp-json\/wp\/v2\/pages\/7181","targetHints":{"allow":["GET"]}}],"collection":[{"href":"https:\/\/rajmaluszka.maslow.pl\/index.php\/wp-json\/wp\/v2\/pages"}],"about":[{"href":"https:\/\/rajmaluszka.maslow.pl\/index.php\/wp-json\/wp\/v2\/types\/page"}],"author":[{"embeddable":true,"href":"https:\/\/rajmaluszka.maslow.pl\/index.php\/wp-json\/wp\/v2\/users\/1"}],"replies":[{"embeddable":true,"href":"https:\/\/rajmaluszka.maslow.pl\/index.php\/wp-json\/wp\/v2\/comments?post=7181"}],"version-history":[{"count":1,"href":"https:\/\/rajmaluszka.maslow.pl\/index.php\/wp-json\/wp\/v2\/pages\/7181\/revisions"}],"predecessor-version":[{"id":7182,"href":"https:\/\/rajmaluszka.maslow.pl\/index.php\/wp-json\/wp\/v2\/pages\/7181\/revisions\/7182"}],"wp:attachment":[{"href":"https:\/\/rajmaluszka.maslow.pl\/index.php\/wp-json\/wp\/v2\/media?parent=7181"}],"curies":[{"name":"wp","href":"https:\/\/api.w.org\/{rel}","templated":true}]}}