{"id":6993,"date":"2019-09-17T04:18:40","date_gmt":"2019-09-17T04:18:40","guid":{"rendered":"http:\/\/catchthemes.com\/demo\/kids-camp-free\/?page_id=6993"},"modified":"2023-02-13T14:20:59","modified_gmt":"2023-02-13T13:20:59","slug":"welcome-to-our-school-2","status":"publish","type":"page","link":"https:\/\/rajmaluszka.maslow.pl\/index.php\/welcome-to-our-school-2\/","title":{"rendered":"O \u017c\u0142obku&#8230;"},"content":{"rendered":"<p style=\"text-align: center;\"><strong>\u201eGDY \u015aMIEJE SI\u0118 DZIECKO, \u015aMIEJE SI\u0118 CA\u0141Y \u015aWIAT\u201d<\/strong><\/p>\n<p style=\"text-align: center;\">MOTTO \u017b\u0141OBKA Samorz\u0105dowego \u201eRaj Maluszka\u201d w Domaszowicach<\/p>\n<p>&#8222;Raj Maluszka&#8221; istnieje od 1 grudnia 2015 roku. Plac\u00f3wka zosta\u0142a za\u0142o\u017cona z mi\u0142o\u015bci do dzieci. To szczeg\u00f3lna plac\u00f3wka gdzie dziecko i Jego potrzeby s\u0105 na pierwszym miejscu. Nasza specjalno\u015b\u0107 to wysokiej jako\u015bci opieka nad dzie\u0107mi od 1 do lat 3. Nasz\u0105 misj\u0105 jest zapewnienie szcz\u0119\u015bliwego, bezpiecznego i domowego ogniska, w kt\u00f3rym dziecko b\u0119dzie si\u0119 czu\u0142o swobodnie podczas czasu pracy rodzica.<\/p>\n<p>ATUTAMI \u017b\u0141OBKA S\u0104:<\/p>\n<ul>\n<li>Personel: Opiekunki posiadaj\u0105 pe\u0142ne kwalifikacje, cechuje je kultura osobista oraz \u0142atwo\u015b\u0107 w nawi\u0105zywaniu kontakt\u00f3w z dzie\u0107mi oraz z ich rodzicami, co zapewnia mi\u0142\u0105 i rodzinn\u0105 atmosfer\u0119, a dzieci po wst\u0119pnej adaptacji czuj\u0105 si\u0119 u nas jak w domu.<\/li>\n<li>Lokalizacja: \u0142atwy dojazd, parking, \u017c\u0142obek posiada r\u00f3wnie\u017c plac zabaw.<\/li>\n<\/ul>\n<p><strong>CELE: <\/strong><\/p>\n<p>Jednym z podstawowych zada\u0144 \u017b\u0142obka jest usamodzielnienie dzieci w zakresie samoobs\u0142ugi dnia codziennego tj. ubierania, za\u0142atwiania potrzeb fizjologicznych, jedzenia. Poprzez gry i zabawy dzieci ucz\u0105 si\u0119 funkcjonowania w grupie, zawieraj\u0105 pierwsze przyja\u017anie. Dzieci w \u017b\u0142obku ucz\u0105 si\u0119 tolerancji i szacunku do ludzi, rzeczy, zwierz\u0105t i przyrody.<\/p>\n<p><strong>ZAPEWNIAMY DZIECIOM:<\/strong><\/p>\n<ul>\n<li>Warunki zbli\u017cone do warunk\u00f3w domowych<\/li>\n<li>Pe\u0142ne bezpiecze\u0144stwo<\/li>\n<li>Opiek\u0119 wychowawcz\u0105<\/li>\n<li>Prowadzimy \u017cywienie dzieci zgodne z obowi\u0105zuj\u0105cymi normami<\/li>\n<li>Wsp\u00f3\u0142dzia\u0142amy z rodzicami w sprawach opieki i wychowania celem ujednolicenia metod \u017cywienia i piel\u0119gnacji<\/li>\n<li>Wspomagamy indywidualny rozw\u00f3j ka\u017cdego dziecka<\/li>\n<li>Informujemy rodzic\u00f3w na temat funkcjonowania i zdrowia dziecka<\/li>\n<li>Prowadzimy zaj\u0119cia edukacyjno \u2013 wychowawcze na sali zabaw i na powietrzu<\/li>\n<li>Kszta\u0142tujemy samodzielno\u015b\u0107, indywidualne podej\u015bcie do ka\u017cdego dziecka, poszanowanie jego godno\u015bci i intymno\u015bci<\/li>\n<li>Uczymy zasad wsp\u00f3\u0142pracy w grupie oraz w\u0142a\u015bciwych relacji z r\u00f3wie\u015bnikami<\/li>\n<li>Przygotowujemy dzieci do pobytu w przedszkolu<\/li>\n<\/ul>\n<p>Organizowanie i prowadzenie zaj\u0119\u0107 opieku\u0144czo-wychowawczych i edukacyjnych, dostosowanych do wieku dzieci i stymuluj\u0105cych ich rozw\u00f3j, w szczeg\u00f3lno\u015bci poprzez zaj\u0119cia ruchowe, zabawy z elementami edukacji, techniczne, dydaktyczne, manipulacyjno- konstrukcyjne.<\/p>\n","protected":false},"excerpt":{"rendered":"<p>\u201eGDY \u015aMIEJE SI\u0118 DZIECKO, \u015aMIEJE SI\u0118 CA\u0141Y \u015aWIAT\u201d MOTTO \u017b\u0141OBKA Samorz\u0105dowego \u201eRaj Maluszka\u201d w Domaszowicach &#8222;Raj Maluszka&#8221; istnieje od 1 &hellip; <a href=\"https:\/\/rajmaluszka.maslow.pl\/index.php\/welcome-to-our-school-2\/\" class=\"more-link\"><span class=\"more-button\">Czytaj dalej<span class=\"screen-reader-text\">O \u017c\u0142obku&#8230;<\/span><\/span><\/a><\/p>\n","protected":false},"author":1,"featured_media":7046,"parent":0,"menu_order":0,"comment_status":"closed","ping_status":"closed","template":"","meta":{"footnotes":""},"class_list":["post-6993","page","type-page","status-publish","has-post-thumbnail","hentry"],"_links":{"self":[{"href":"https:\/\/rajmaluszka.maslow.pl\/index.php\/wp-json\/wp\/v2\/pages\/6993","targetHints":{"allow":["GET"]}}],"collection":[{"href":"https:\/\/rajmaluszka.maslow.pl\/index.php\/wp-json\/wp\/v2\/pages"}],"about":[{"href":"https:\/\/rajmaluszka.maslow.pl\/index.php\/wp-json\/wp\/v2\/types\/page"}],"author":[{"embeddable":true,"href":"https:\/\/rajmaluszka.maslow.pl\/index.php\/wp-json\/wp\/v2\/users\/1"}],"replies":[{"embeddable":true,"href":"https:\/\/rajmaluszka.maslow.pl\/index.php\/wp-json\/wp\/v2\/comments?post=6993"}],"version-history":[{"count":11,"href":"https:\/\/rajmaluszka.maslow.pl\/index.php\/wp-json\/wp\/v2\/pages\/6993\/revisions"}],"predecessor-version":[{"id":7409,"href":"https:\/\/rajmaluszka.maslow.pl\/index.php\/wp-json\/wp\/v2\/pages\/6993\/revisions\/7409"}],"wp:featuredmedia":[{"embeddable":true,"href":"https:\/\/rajmaluszka.maslow.pl\/index.php\/wp-json\/wp\/v2\/media\/7046"}],"wp:attachment":[{"href":"https:\/\/rajmaluszka.maslow.pl\/index.php\/wp-json\/wp\/v2\/media?parent=6993"}],"curies":[{"name":"wp","href":"https:\/\/api.w.org\/{rel}","templated":true}]}}