{"id":5596,"date":"2018-07-19T16:25:13","date_gmt":"2018-07-19T16:25:13","guid":{"rendered":"http:\/\/catchthemes.com\/demo\/music-band-free\/?page_id=5596"},"modified":"2021-12-20T10:23:33","modified_gmt":"2021-12-20T09:23:33","slug":"contact","status":"publish","type":"page","link":"https:\/\/rajmaluszka.maslow.pl\/index.php\/contact\/","title":{"rendered":"Kontakt"},"content":{"rendered":"<h3>Adres<\/h3>\n<p>\u017b\u0142obek Samorz\u0105dowy \u201cRAJ MALUSZKA\u201d w Domaszowicach<br \/>\nDomaszowice 205a, 25-351 Kielce<\/p>\n<p>NIP: 657-29-20-584, Regon: 362945533<\/p>\n<h3>Telefon i E-mail<\/h3>\n<p>502 666 426<\/p>\n<p>rajmaluszka@maslow.pl<\/p>\n<h3>Formularz kontaktowy<\/h3>\n\n<div class=\"wpcf7 no-js\" id=\"wpcf7-f7151-o1\" lang=\"pl-PL\" dir=\"ltr\" data-wpcf7-id=\"7151\">\n<div class=\"screen-reader-response\"><p role=\"status\" aria-live=\"polite\" aria-atomic=\"true\"><\/p> <ul><\/ul><\/div>\n<form action=\"\/index.php\/wp-json\/wp\/v2\/pages\/5596#wpcf7-f7151-o1\" method=\"post\" class=\"wpcf7-form init\" aria-label=\"Formularz kontaktowy\" novalidate=\"novalidate\" data-status=\"init\">\n<fieldset class=\"hidden-fields-container\"><input type=\"hidden\" name=\"_wpcf7\" value=\"7151\" \/><input type=\"hidden\" name=\"_wpcf7_version\" value=\"6.1.4\" \/><input type=\"hidden\" name=\"_wpcf7_locale\" value=\"pl_PL\" \/><input type=\"hidden\" name=\"_wpcf7_unit_tag\" value=\"wpcf7-f7151-o1\" \/><input type=\"hidden\" name=\"_wpcf7_container_post\" value=\"0\" \/><input type=\"hidden\" name=\"_wpcf7_posted_data_hash\" value=\"\" \/>\n<\/fieldset>\n<p><label> Twoje imi\u0119 i nazwisko<br \/>\n<span class=\"wpcf7-form-control-wrap\" data-name=\"your-name\"><input size=\"40\" maxlength=\"400\" class=\"wpcf7-form-control wpcf7-text wpcf7-validates-as-required\" aria-required=\"true\" aria-invalid=\"false\" value=\"\" type=\"text\" name=\"your-name\" \/><\/span> <\/label>\n<\/p>\n<p><label> Tw\u00f3j adres e-mail<br \/>\n<span class=\"wpcf7-form-control-wrap\" data-name=\"your-email\"><input size=\"40\" maxlength=\"400\" class=\"wpcf7-form-control wpcf7-email wpcf7-validates-as-required wpcf7-text wpcf7-validates-as-email\" aria-required=\"true\" aria-invalid=\"false\" value=\"\" type=\"email\" name=\"your-email\" \/><\/span> <\/label>\n<\/p>\n<p><label> Temat<br \/>\n<span class=\"wpcf7-form-control-wrap\" data-name=\"your-subject\"><input size=\"40\" maxlength=\"400\" class=\"wpcf7-form-control wpcf7-text wpcf7-validates-as-required\" aria-required=\"true\" aria-invalid=\"false\" value=\"\" type=\"text\" name=\"your-subject\" \/><\/span> <\/label>\n<\/p>\n<p><label> Twoja wiadomo\u015bci (opcjonalne)<br \/>\n<span class=\"wpcf7-form-control-wrap\" data-name=\"your-message\"><textarea cols=\"40\" rows=\"10\" maxlength=\"2000\" class=\"wpcf7-form-control wpcf7-textarea\" aria-invalid=\"false\" name=\"your-message\"><\/textarea><\/span> <\/label>\n<\/p>\n<p><input class=\"wpcf7-form-control wpcf7-submit has-spinner\" type=\"submit\" value=\"Wy\u015blij\" \/>\n<\/p><div class=\"wpcf7-response-output\" aria-hidden=\"true\"><\/div>\n<\/form>\n<\/div>\n\n","protected":false},"excerpt":{"rendered":"<p>Adres \u017b\u0142obek Samorz\u0105dowy \u201cRAJ MALUSZKA\u201d w Domaszowicach Domaszowice 205a, 25-351 Kielce NIP: 657-29-20-584, Regon: 362945533 Telefon i E-mail 502 666 &hellip; <a href=\"https:\/\/rajmaluszka.maslow.pl\/index.php\/contact\/\" class=\"more-link\"><span class=\"more-button\">Czytaj dalej<span class=\"screen-reader-text\">Kontakt<\/span><\/span><\/a> &hellip; <a href=\"https:\/\/rajmaluszka.maslow.pl\/index.php\/contact\/\" class=\"more-link\"><span class=\"more-button\">Czytaj dalej<span class=\"screen-reader-text\">Kontakt<\/span><\/span><\/a><\/p>\n","protected":false},"author":1,"featured_media":0,"parent":0,"menu_order":0,"comment_status":"closed","ping_status":"closed","template":"","meta":{"footnotes":""},"class_list":["post-5596","page","type-page","status-publish","hentry"],"_links":{"self":[{"href":"https:\/\/rajmaluszka.maslow.pl\/index.php\/wp-json\/wp\/v2\/pages\/5596","targetHints":{"allow":["GET"]}}],"collection":[{"href":"https:\/\/rajmaluszka.maslow.pl\/index.php\/wp-json\/wp\/v2\/pages"}],"about":[{"href":"https:\/\/rajmaluszka.maslow.pl\/index.php\/wp-json\/wp\/v2\/types\/page"}],"author":[{"embeddable":true,"href":"https:\/\/rajmaluszka.maslow.pl\/index.php\/wp-json\/wp\/v2\/users\/1"}],"replies":[{"embeddable":true,"href":"https:\/\/rajmaluszka.maslow.pl\/index.php\/wp-json\/wp\/v2\/comments?post=5596"}],"version-history":[{"count":4,"href":"https:\/\/rajmaluszka.maslow.pl\/index.php\/wp-json\/wp\/v2\/pages\/5596\/revisions"}],"predecessor-version":[{"id":7156,"href":"https:\/\/rajmaluszka.maslow.pl\/index.php\/wp-json\/wp\/v2\/pages\/5596\/revisions\/7156"}],"wp:attachment":[{"href":"https:\/\/rajmaluszka.maslow.pl\/index.php\/wp-json\/wp\/v2\/media?parent=5596"}],"curies":[{"name":"wp","href":"https:\/\/api.w.org\/{rel}","templated":true}]}}